{"id":2177,"date":"2022-06-28T15:09:24","date_gmt":"2022-06-28T13:09:24","guid":{"rendered":"https:\/\/arztpraxis-beim-gemeindehaus.ch\/?page_id=2177"},"modified":"2024-11-29T23:17:22","modified_gmt":"2024-11-29T22:17:22","slug":"dr-med-sasa-schneider","status":"publish","type":"page","link":"https:\/\/arztpraxis-beim-gemeindehaus.ch\/it\/dr-med-sasa-schneider\/","title":{"rendered":"Dr. med. Sa\u0161a Schneider"},"content":{"rendered":"\t\t<div data-elementor-type=\"wp-page\" data-elementor-id=\"2177\" class=\"elementor elementor-2177\" data-elementor-post-type=\"page\">\n\t\t\t\t\t\t<section class=\"elementor-section elementor-top-section elementor-element elementor-element-a54aedc ct-section-stretched elementor-section-boxed elementor-section-height-default elementor-section-height-default\" data-id=\"a54aedc\" data-element_type=\"section\" data-e-type=\"section\" data-settings=\"{&quot;background_background&quot;:&quot;classic&quot;}\">\n\t\t\t\t\t\t<div class=\"elementor-container elementor-column-gap-wider\">\n\t\t\t\t\t<div class=\"elementor-column elementor-col-33 elementor-top-column elementor-element elementor-element-d9d094b\" data-id=\"d9d094b\" data-element_type=\"column\" data-e-type=\"column\">\n\t\t\t<div class=\"elementor-widget-wrap elementor-element-populated\">\n\t\t\t\t\t\t<div class=\"elementor-element elementor-element-3259f6c elementor-widget elementor-widget-image\" data-id=\"3259f6c\" data-element_type=\"widget\" data-e-type=\"widget\" data-widget_type=\"image.default\">\n\t\t\t\t<div class=\"elementor-widget-container\">\n\t\t\t\t\t\t\t\t\t\t\t\t\t\t\t<img fetchpriority=\"high\" decoding=\"async\" width=\"380\" height=\"570\" src=\"https:\/\/arztpraxis-beim-gemeindehaus.ch\/wp-content\/uploads\/2022\/06\/dr_schneider.jpg\" class=\"attachment-full size-full wp-image-1767\" alt=\"Dr. Schneider\" srcset=\"https:\/\/arztpraxis-beim-gemeindehaus.ch\/wp-content\/uploads\/2022\/06\/dr_schneider.jpg 380w, https:\/\/arztpraxis-beim-gemeindehaus.ch\/wp-content\/uploads\/2022\/06\/dr_schneider-200x300.jpg 200w\" sizes=\"(max-width: 380px) 100vw, 380px\" \/>\t\t\t\t\t\t\t\t\t\t\t\t\t\t\t<\/div>\n\t\t\t\t<\/div>\n\t\t\t\t<div class=\"elementor-element elementor-element-ab7bf26 elementor-hidden-desktop elementor-hidden-tablet elementor-hidden-mobile elementor-icon-list--layout-traditional elementor-list-item-link-full_width elementor-widget elementor-widget-icon-list\" data-id=\"ab7bf26\" data-element_type=\"widget\" data-e-type=\"widget\" data-widget_type=\"icon-list.default\">\n\t\t\t\t<div class=\"elementor-widget-container\">\n\t\t\t\t\t\t\t<ul class=\"elementor-icon-list-items\">\n\t\t\t\t\t\t\t<li class=\"elementor-icon-list-item\">\n\t\t\t\t\t\t\t\t\t\t\t<a href=\"\/wp-content\/uploads\/2022\/06\/Dr_med_Sasa_Schneider.pdf\" target=\"_blank\">\n\n\t\t\t\t\t\t\t\t\t\t\t\t<span class=\"elementor-icon-list-icon\">\n\t\t\t\t\t\t\t<i aria-hidden=\"true\" class=\"far fa-file-pdf\"><\/i>\t\t\t\t\t\t<\/span>\n\t\t\t\t\t\t\t\t\t\t<span class=\"elementor-icon-list-text\">CV Herunterladen<\/span>\n\t\t\t\t\t\t\t\t\t\t\t<\/a>\n\t\t\t\t\t\t\t\t\t<\/li>\n\t\t\t\t\t\t<\/ul>\n\t\t\t\t\t\t<\/div>\n\t\t\t\t<\/div>\n\t\t\t\t\t<\/div>\n\t\t<\/div>\n\t\t\t\t<div class=\"elementor-column elementor-col-66 elementor-top-column elementor-element elementor-element-0f4d6ec\" data-id=\"0f4d6ec\" data-element_type=\"column\" data-e-type=\"column\">\n\t\t\t<div class=\"elementor-widget-wrap elementor-element-populated\">\n\t\t\t\t\t\t<div class=\"elementor-element elementor-element-c13ae38 elementor-widget elementor-widget-heading\" data-id=\"c13ae38\" data-element_type=\"widget\" data-e-type=\"widget\" data-widget_type=\"heading.default\">\n\t\t\t\t<div class=\"elementor-widget-container\">\n\t\t\t\t\t<h2 class=\"elementor-heading-title elementor-size-default\">Dr. med. (Srb) Sa\u0161a Schneider<\/h2>\t\t\t\t<\/div>\n\t\t\t\t<\/div>\n\t\t\t\t<div class=\"elementor-element elementor-element-4cc1d09 elementor-widget elementor-widget-heading\" data-id=\"4cc1d09\" data-element_type=\"widget\" data-e-type=\"widget\" data-widget_type=\"heading.default\">\n\t\t\t\t<div class=\"elementor-widget-container\">\n\t\t\t\t\t<h5 class=\"elementor-heading-title elementor-size-default\">Facharzt f\u00fcr Allgemeine Innere Medizin FMH<\/h5>\t\t\t\t<\/div>\n\t\t\t\t<\/div>\n\t\t\t\t<div class=\"elementor-element elementor-element-54766e8 elementor-widget elementor-widget-text-editor\" data-id=\"54766e8\" data-element_type=\"widget\" data-e-type=\"widget\" data-widget_type=\"text-editor.default\">\n\t\t\t\t<div class=\"elementor-widget-container\">\n\t\t\t\t\t\t\t\t\t<p>Praxist\u00e4tigkeit seit 2018 im Kantonen Glarus, Aargau und Z\u00fcrich Teilnahme am regionalen Notfalldienst<\/p><p><strong>Sprachen<br \/><\/strong>Deutsch, Englisch, Serbo-Kroatisch, Italienisch<\/p><p><strong>Mitgliedschaften:<br \/><\/strong>FMH (Berufsverband der Schweizer \u00c4rztinnen und \u00c4rzte)<br \/>AGZ (\u00c4rztegesellschaft des Kanton Z\u00fcrich)<br \/>VSAO (Verband Schweizerischer Assistenz- und Ober\u00e4rztinnen und -\u00e4rzte)<br \/>SGAIM (Schweizerische Gesellschaft f\u00fcr Allgemeine Innere Medizin)<\/p><p><strong>Ausbildung:<br \/><\/strong>2020 Facharzt f\u00fcr Allgemeine Innere Medizin FMH<br \/>2018 Staatsexamen Humanmedizin Universit\u00e4t Z\u00fcrich<br \/>2002 Master of Science International Health Management, Health Economies and Health Policy Business School der Bocconi Universit\u00e4t; Milan, Italien<br \/>1996 Staatsexamen Humanmedizin Universit\u00e4t Nis-Jugoslawien<\/p><p><strong>Wissenschaftliche Arbeiten:<br \/><\/strong>\u201cEfficacy and safety of octafibrin for on-demand treatment of acute bleeding in subjects with congenital fibrinogen deficiency\u201d 2011<\/p><p>\u201cA prospective, controlled, randomized, cross-over study investigating the pharmacokinetic properties, surrogate efficacy and safety of Octafibrin compared to Haemocomplettan\u00ae P in subjects with congenital fibrinogen deficiency&#8221; 2011<\/p><p>\u201cProspective, Open-Label, Multi-Center, Phase III Clinical Study To Investigate The Efficacy And Safety Of Human Factor VWF\/VIII Concentrate (Wilate\u00ae) In Subjects With Inherited Type 3 Von Willebrand Disease (VWD) Who Undergo Major Surgical Procedures\u201d 2010<\/p><p>\u201cSurveillance of Results of Long-Term Prophylactic Treatment of von Willebrand Disease with Wilate\u201d 2010<\/p><p>\u201cEvaluation of clinical efficacy, tolerability and immunogenicity in haemophilia A patients under therapy with octanate\u00ae\u201d 2009<\/p><p>\u201cEvaluation of clinical efficacy, tolerability and immunogenicity in haemophilia A patients under therapy with wilate\u00ae\u201d 2009<\/p><p>\u201cSurveillance of Efficacy and Safety of wilate\u00ae in patients with von Willebrand disease\u201d 2009<\/p><p>\u201cProof of concept study to evaluate the efficacy and safety of Octaplex\u00ae plus wilate\u00ae for on-demand treatment of spontaneous or trauma induced joint bleeding in patients with severe hemophilia A and inhibitors undergoing prophylactic treatment with octaplex\u00ae\u201d 2008<\/p><p>\u201cA feasibility study of the Automated Fluid Shunt for the management of large volume scites\u201d 2008<\/p><p>\u201cThe Automated Fluid Shunt in Chronic Congestive Heart Failure\u201d 2008<\/p><p>\u201cFunctional evaluation of the NovaShunt Automated Fluid Shunt (AFS) Device in the Canine Model\u201d 2008<\/p><p>\u201cA 6-week, open-label, multi centre study to evaluate the safety of ambulant induction of treatment with lisuride, applied subcutaneously by means of a minipump in patients with advanced Parkinson\u2019s disease and insufficient response to conventional oral therapy\u201d 2007<\/p><p>\u201cDouble-blind, placebo-controlled, randomized, multicentre Phase II\/ III study to evaluate the efficacy and safety of Lisparin\u00ae, applied subcutaneously by means of a minipump in patients with advanced Parkinson\u2019s Disease refractory to conventional oral therapy.\u201d 2007<\/p><p>&#8220;Lead poisoning; case analyses&#8221;, mit Paul Polansky; Nis, Serbien 2005<\/p><p>&#8220;Synalar folder-poster&#8221;, Gr\u00fcnenthal GmbH; Aachen, Deutschland 2002<\/p><p>&#8220;Implementation of quality management in health care services in Western Europe with (ISO, JCAHO, NCQA and EFQM) qualityaccreditation standards&#8221;; Comparative study design; Bocconi Universit\u00e4t, Gesundheitsabteilung, &#8211; Qualit\u00e4tsmanagement, Milano, Italien 2001<\/p><p>\u201eHypertension-Silent Killer\u201c; Gesundheitsinstitut \u2013 Nis, \u00c4rzte ohne Grenzen &#8211; Griechenland, European Commission Humanitarian Office; Serbien 2000<\/p><p>\u201eEverything you should know about Asthma\u201d; Gesundheitsinstitut &#8211; Nis, \u00c4rzte ohne Grenzen &#8211; Griechenland, European Commission Humanitarian Office; Serbien 2000<\/p><p>&#8220;Artificial abortion in the under-18 age group in Nis&#8221;; Klinisches Zentrum Nis; Gesundheitsinstitut, Nis Medizinische Fakult\u00e4t, Universit\u00e4t Nis; Serbien 1995<\/p><p>Sa\u0161a Schneider spricht Deutsch, Englisch, Serbo-Kroatisch und Italienisch.<\/p>\t\t\t\t\t\t\t\t<\/div>\n\t\t\t\t<\/div>\n\t\t\t\t\t<\/div>\n\t\t<\/div>\n\t\t\t\t\t<\/div>\n\t\t<\/section>\n\t\t\t\t<\/div>\n\t\t","protected":false},"excerpt":{"rendered":"<p>CV Herunterladen Dr. med. (Srb) Sa\u0161a Schneider Facharzt f\u00fcr Allgemeine Innere Medizin FMH Praxist\u00e4tigkeit seit 2018 im Kantonen Glarus, Aargau und Z\u00fcrich Teilnahme am regionalen Notfalldienst SprachenDeutsch, Englisch, Serbo-Kroatisch, Italienisch Mitgliedschaften:FMH (Berufsverband der Schweizer \u00c4rztinnen und \u00c4rzte)AGZ (\u00c4rztegesellschaft des Kanton Z\u00fcrich)VSAO (Verband Schweizerischer Assistenz- und Ober\u00e4rztinnen und -\u00e4rzte)SGAIM (Schweizerische Gesellschaft f\u00fcr Allgemeine Innere Medizin) Ausbildung:2020 [&hellip;]<\/p>\n","protected":false},"author":1,"featured_media":0,"parent":0,"menu_order":0,"comment_status":"closed","ping_status":"closed","template":"elementor_header_footer","meta":{"footnotes":""},"class_list":["post-2177","page","type-page","status-publish","hentry"],"blocksy_meta":{"styles_descriptor":{"styles":{"desktop":"","tablet":"","mobile":""},"google_fonts":[],"version":6}},"_links":{"self":[{"href":"https:\/\/arztpraxis-beim-gemeindehaus.ch\/it\/wp-json\/wp\/v2\/pages\/2177","targetHints":{"allow":["GET"]}}],"collection":[{"href":"https:\/\/arztpraxis-beim-gemeindehaus.ch\/it\/wp-json\/wp\/v2\/pages"}],"about":[{"href":"https:\/\/arztpraxis-beim-gemeindehaus.ch\/it\/wp-json\/wp\/v2\/types\/page"}],"author":[{"embeddable":true,"href":"https:\/\/arztpraxis-beim-gemeindehaus.ch\/it\/wp-json\/wp\/v2\/users\/1"}],"replies":[{"embeddable":true,"href":"https:\/\/arztpraxis-beim-gemeindehaus.ch\/it\/wp-json\/wp\/v2\/comments?post=2177"}],"version-history":[{"count":79,"href":"https:\/\/arztpraxis-beim-gemeindehaus.ch\/it\/wp-json\/wp\/v2\/pages\/2177\/revisions"}],"predecessor-version":[{"id":2641,"href":"https:\/\/arztpraxis-beim-gemeindehaus.ch\/it\/wp-json\/wp\/v2\/pages\/2177\/revisions\/2641"}],"wp:attachment":[{"href":"https:\/\/arztpraxis-beim-gemeindehaus.ch\/it\/wp-json\/wp\/v2\/media?parent=2177"}],"curies":[{"name":"wp","href":"https:\/\/api.w.org\/{rel}","templated":true}]}}